{"id":9950,"date":"2023-06-14T17:41:18","date_gmt":"2023-06-14T14:41:18","guid":{"rendered":"https:\/\/www.aysanmakinapres.com\/?page_id=9950"},"modified":"2023-06-14T18:55:59","modified_gmt":"2023-06-14T15:55:59","slug":"tamir-revizyon","status":"publish","type":"page","link":"https:\/\/www.aysanmakinapres.com\/index.php\/tamir-revizyon\/","title":{"rendered":"TAM\u0130R &#038; REV\u0130ZYON"},"content":{"rendered":"\t\t<div data-elementor-type=\"wp-page\" data-elementor-id=\"9950\" class=\"elementor elementor-9950\">\n\t\t\t\t\t\t\t        <section class=\"elementor-section elementor-top-section elementor-element elementor-element-658fb8a elementor-section-boxed elementor-section-height-default elementor-section-height-default ct-header-fixed-none ct-column-none ct-row-scroll-none ct-row-gradient--none\" data-id=\"658fb8a\" data-element_type=\"section\">\n            \n                        <div class=\"elementor-container elementor-column-gap-default \">\n                    <div class=\"elementor-column elementor-col-100 elementor-top-column elementor-element elementor-element-2a40a08 ct-column-none col-offset-none col-color-offset-none\" data-id=\"2a40a08\" data-element_type=\"column\">\n            <div class=\"elementor-widget-wrap elementor-element-populated\">\n                        \t\t<div class=\"elementor-element elementor-element-3479b95 elementor-widget elementor-widget-image-gallery\" data-id=\"3479b95\" data-element_type=\"widget\" data-widget_type=\"image-gallery.default\">\n\t\t\t\t<div class=\"elementor-widget-container\">\n\t\t\t<style>\/*! elementor - v3.12.2 - 23-04-2023 *\/\n.elementor-image-gallery .gallery-item{display:inline-block;text-align:center;vertical-align:top;width:100%;max-width:100%;margin:0 auto}.elementor-image-gallery .gallery-item img{margin:0 auto}.elementor-image-gallery .gallery-item .gallery-caption{margin:0}.elementor-image-gallery figure img{display:block}.elementor-image-gallery figure figcaption{width:100%}.gallery-spacing-custom .elementor-image-gallery .gallery-icon{padding:0}@media (min-width:768px){.elementor-image-gallery .gallery-columns-2 .gallery-item{max-width:50%}.elementor-image-gallery .gallery-columns-3 .gallery-item{max-width:33.33%}.elementor-image-gallery .gallery-columns-4 .gallery-item{max-width:25%}.elementor-image-gallery .gallery-columns-5 .gallery-item{max-width:20%}.elementor-image-gallery .gallery-columns-6 .gallery-item{max-width:16.666%}.elementor-image-gallery .gallery-columns-7 .gallery-item{max-width:14.28%}.elementor-image-gallery .gallery-columns-8 .gallery-item{max-width:12.5%}.elementor-image-gallery .gallery-columns-9 .gallery-item{max-width:11.11%}.elementor-image-gallery .gallery-columns-10 .gallery-item{max-width:10%}}@media (min-width:480px) and (max-width:767px){.elementor-image-gallery .gallery.gallery-columns-2 .gallery-item,.elementor-image-gallery .gallery.gallery-columns-3 .gallery-item,.elementor-image-gallery .gallery.gallery-columns-4 .gallery-item,.elementor-image-gallery .gallery.gallery-columns-5 .gallery-item,.elementor-image-gallery .gallery.gallery-columns-6 .gallery-item,.elementor-image-gallery .gallery.gallery-columns-7 .gallery-item,.elementor-image-gallery .gallery.gallery-columns-8 .gallery-item,.elementor-image-gallery .gallery.gallery-columns-9 .gallery-item,.elementor-image-gallery .gallery.gallery-columns-10 .gallery-item{max-width:50%}}@media (max-width:479px){.elementor-image-gallery .gallery.gallery-columns-2 .gallery-item,.elementor-image-gallery .gallery.gallery-columns-3 .gallery-item,.elementor-image-gallery .gallery.gallery-columns-4 .gallery-item,.elementor-image-gallery .gallery.gallery-columns-5 .gallery-item,.elementor-image-gallery .gallery.gallery-columns-6 .gallery-item,.elementor-image-gallery .gallery.gallery-columns-7 .gallery-item,.elementor-image-gallery .gallery.gallery-columns-8 .gallery-item,.elementor-image-gallery .gallery.gallery-columns-9 .gallery-item,.elementor-image-gallery .gallery.gallery-columns-10 .gallery-item{max-width:100%}}<\/style>\t\t<div class=\"elementor-image-gallery\">\n\t\t\t<div id='gallery-1' class='gallery galleryid-9950 gallery-columns-4 gallery-size-woocommerce_gallery_thumbnail'><figure class='gallery-item'>\n\t\t\t<div class='gallery-icon portrait'>\n\t\t\t\t<a data-elementor-open-lightbox=\"yes\" data-elementor-lightbox-slideshow=\"3479b95\" data-elementor-lightbox-title=\"001\" data-e-action-hash=\"#elementor-action%3Aaction%3Dlightbox%26settings%3DeyJpZCI6MTAwNDUsInVybCI6Imh0dHBzOlwvXC93d3cuYXlzYW5tYWtpbmFwcmVzLmNvbVwvd3AtY29udGVudFwvdXBsb2Fkc1wvMjAyM1wvMDZcLzAwMS5qcGVnIiwic2xpZGVzaG93IjoiMzQ3OWI5NSJ9\" href='https:\/\/www.aysanmakinapres.com\/wp-content\/uploads\/2023\/06\/001.jpeg'><img decoding=\"async\" width=\"250\" height=\"285\" src=\"https:\/\/www.aysanmakinapres.com\/wp-content\/uploads\/2023\/06\/001-250x285.jpeg\" class=\"attachment-woocommerce_gallery_thumbnail size-woocommerce_gallery_thumbnail\" alt=\"\" aria-describedby=\"gallery-1-10045\" \/><\/a>\n\t\t\t<\/div>\n\t\t\t\t<figcaption class='wp-caption-text gallery-caption' id='gallery-1-10045'>\n\t\t\t\t\u00d6ncesi\n\t\t\t\t<\/figcaption><\/figure><figure class='gallery-item'>\n\t\t\t<div class='gallery-icon portrait'>\n\t\t\t\t<a data-elementor-open-lightbox=\"yes\" data-elementor-lightbox-slideshow=\"3479b95\" data-elementor-lightbox-title=\"002\" data-e-action-hash=\"#elementor-action%3Aaction%3Dlightbox%26settings%3DeyJpZCI6MTAwNDYsInVybCI6Imh0dHBzOlwvXC93d3cuYXlzYW5tYWtpbmFwcmVzLmNvbVwvd3AtY29udGVudFwvdXBsb2Fkc1wvMjAyM1wvMDZcLzAwMi5qcGVnIiwic2xpZGVzaG93IjoiMzQ3OWI5NSJ9\" href='https:\/\/www.aysanmakinapres.com\/wp-content\/uploads\/2023\/06\/002.jpeg'><img decoding=\"async\" width=\"250\" height=\"285\" src=\"https:\/\/www.aysanmakinapres.com\/wp-content\/uploads\/2023\/06\/002-250x285.jpeg\" class=\"attachment-woocommerce_gallery_thumbnail size-woocommerce_gallery_thumbnail\" alt=\"\" aria-describedby=\"gallery-1-10046\" \/><\/a>\n\t\t\t<\/div>\n\t\t\t\t<figcaption class='wp-caption-text gallery-caption' id='gallery-1-10046'>\n\t\t\t\tSonras\u0131\n\t\t\t\t<\/figcaption><\/figure><figure class='gallery-item'>\n\t\t\t<div class='gallery-icon landscape'>\n\t\t\t\t<a data-elementor-open-lightbox=\"yes\" data-elementor-lightbox-slideshow=\"3479b95\" data-elementor-lightbox-title=\"003\" data-e-action-hash=\"#elementor-action%3Aaction%3Dlightbox%26settings%3DeyJpZCI6MTAwNDcsInVybCI6Imh0dHBzOlwvXC93d3cuYXlzYW5tYWtpbmFwcmVzLmNvbVwvd3AtY29udGVudFwvdXBsb2Fkc1wvMjAyM1wvMDZcLzAwMy5qcGVnIiwic2xpZGVzaG93IjoiMzQ3OWI5NSJ9\" href='https:\/\/www.aysanmakinapres.com\/wp-content\/uploads\/2023\/06\/003.jpeg'><img decoding=\"async\" width=\"250\" height=\"285\" src=\"https:\/\/www.aysanmakinapres.com\/wp-content\/uploads\/2023\/06\/003-250x285.jpeg\" class=\"attachment-woocommerce_gallery_thumbnail size-woocommerce_gallery_thumbnail\" alt=\"\" aria-describedby=\"gallery-1-10047\" \/><\/a>\n\t\t\t<\/div>\n\t\t\t\t<figcaption class='wp-caption-text gallery-caption' id='gallery-1-10047'>\n\t\t\t\t\u00d6ncesi\n\t\t\t\t<\/figcaption><\/figure><figure class='gallery-item'>\n\t\t\t<div class='gallery-icon landscape'>\n\t\t\t\t<a data-elementor-open-lightbox=\"yes\" data-elementor-lightbox-slideshow=\"3479b95\" data-elementor-lightbox-title=\"004\" data-e-action-hash=\"#elementor-action%3Aaction%3Dlightbox%26settings%3DeyJpZCI6MTAwNDgsInVybCI6Imh0dHBzOlwvXC93d3cuYXlzYW5tYWtpbmFwcmVzLmNvbVwvd3AtY29udGVudFwvdXBsb2Fkc1wvMjAyM1wvMDZcLzAwNC5qcGVnIiwic2xpZGVzaG93IjoiMzQ3OWI5NSJ9\" href='https:\/\/www.aysanmakinapres.com\/wp-content\/uploads\/2023\/06\/004.jpeg'><img decoding=\"async\" width=\"250\" height=\"285\" src=\"https:\/\/www.aysanmakinapres.com\/wp-content\/uploads\/2023\/06\/004-250x285.jpeg\" class=\"attachment-woocommerce_gallery_thumbnail size-woocommerce_gallery_thumbnail\" alt=\"\" aria-describedby=\"gallery-1-10048\" \/><\/a>\n\t\t\t<\/div>\n\t\t\t\t<figcaption class='wp-caption-text gallery-caption' id='gallery-1-10048'>\n\t\t\t\tSonras\u0131\n\t\t\t\t<\/figcaption><\/figure><figure class='gallery-item'>\n\t\t\t<div class='gallery-icon portrait'>\n\t\t\t\t<a data-elementor-open-lightbox=\"yes\" data-elementor-lightbox-slideshow=\"3479b95\" data-elementor-lightbox-title=\"005\" data-e-action-hash=\"#elementor-action%3Aaction%3Dlightbox%26settings%3DeyJpZCI6MTAwNDksInVybCI6Imh0dHBzOlwvXC93d3cuYXlzYW5tYWtpbmFwcmVzLmNvbVwvd3AtY29udGVudFwvdXBsb2Fkc1wvMjAyM1wvMDZcLzAwNS5qcGVnIiwic2xpZGVzaG93IjoiMzQ3OWI5NSJ9\" href='https:\/\/www.aysanmakinapres.com\/wp-content\/uploads\/2023\/06\/005.jpeg'><img decoding=\"async\" width=\"250\" height=\"285\" src=\"https:\/\/www.aysanmakinapres.com\/wp-content\/uploads\/2023\/06\/005-250x285.jpeg\" class=\"attachment-woocommerce_gallery_thumbnail size-woocommerce_gallery_thumbnail\" alt=\"\" aria-describedby=\"gallery-1-10049\" \/><\/a>\n\t\t\t<\/div>\n\t\t\t\t<figcaption class='wp-caption-text gallery-caption' id='gallery-1-10049'>\n\t\t\t\t\u00d6ncesi\n\t\t\t\t<\/figcaption><\/figure><figure class='gallery-item'>\n\t\t\t<div class='gallery-icon portrait'>\n\t\t\t\t<a data-elementor-open-lightbox=\"yes\" data-elementor-lightbox-slideshow=\"3479b95\" data-elementor-lightbox-title=\"006\" data-e-action-hash=\"#elementor-action%3Aaction%3Dlightbox%26settings%3DeyJpZCI6MTAwNTAsInVybCI6Imh0dHBzOlwvXC93d3cuYXlzYW5tYWtpbmFwcmVzLmNvbVwvd3AtY29udGVudFwvdXBsb2Fkc1wvMjAyM1wvMDZcLzAwNi5qcGVnIiwic2xpZGVzaG93IjoiMzQ3OWI5NSJ9\" href='https:\/\/www.aysanmakinapres.com\/wp-content\/uploads\/2023\/06\/006.jpeg'><img decoding=\"async\" width=\"250\" height=\"285\" src=\"https:\/\/www.aysanmakinapres.com\/wp-content\/uploads\/2023\/06\/006-250x285.jpeg\" class=\"attachment-woocommerce_gallery_thumbnail size-woocommerce_gallery_thumbnail\" alt=\"\" aria-describedby=\"gallery-1-10050\" \/><\/a>\n\t\t\t<\/div>\n\t\t\t\t<figcaption class='wp-caption-text gallery-caption' id='gallery-1-10050'>\n\t\t\t\tSonras\u0131\n\t\t\t\t<\/figcaption><\/figure><figure class='gallery-item'>\n\t\t\t<div class='gallery-icon portrait'>\n\t\t\t\t<a data-elementor-open-lightbox=\"yes\" data-elementor-lightbox-slideshow=\"3479b95\" data-elementor-lightbox-title=\"007\" data-e-action-hash=\"#elementor-action%3Aaction%3Dlightbox%26settings%3DeyJpZCI6MTAwNTEsInVybCI6Imh0dHBzOlwvXC93d3cuYXlzYW5tYWtpbmFwcmVzLmNvbVwvd3AtY29udGVudFwvdXBsb2Fkc1wvMjAyM1wvMDZcLzAwNy5qcGVnIiwic2xpZGVzaG93IjoiMzQ3OWI5NSJ9\" href='https:\/\/www.aysanmakinapres.com\/wp-content\/uploads\/2023\/06\/007.jpeg'><img decoding=\"async\" width=\"250\" height=\"285\" src=\"https:\/\/www.aysanmakinapres.com\/wp-content\/uploads\/2023\/06\/007-250x285.jpeg\" class=\"attachment-woocommerce_gallery_thumbnail size-woocommerce_gallery_thumbnail\" alt=\"\" aria-describedby=\"gallery-1-10051\" \/><\/a>\n\t\t\t<\/div>\n\t\t\t\t<figcaption class='wp-caption-text gallery-caption' id='gallery-1-10051'>\n\t\t\t\t\u00d6ncesi\n\t\t\t\t<\/figcaption><\/figure><figure class='gallery-item'>\n\t\t\t<div class='gallery-icon portrait'>\n\t\t\t\t<a data-elementor-open-lightbox=\"yes\" data-elementor-lightbox-slideshow=\"3479b95\" data-elementor-lightbox-title=\"008\" data-e-action-hash=\"#elementor-action%3Aaction%3Dlightbox%26settings%3DeyJpZCI6MTAwNTIsInVybCI6Imh0dHBzOlwvXC93d3cuYXlzYW5tYWtpbmFwcmVzLmNvbVwvd3AtY29udGVudFwvdXBsb2Fkc1wvMjAyM1wvMDZcLzAwOC5qcGVnIiwic2xpZGVzaG93IjoiMzQ3OWI5NSJ9\" href='https:\/\/www.aysanmakinapres.com\/wp-content\/uploads\/2023\/06\/008.jpeg'><img decoding=\"async\" width=\"250\" height=\"285\" src=\"https:\/\/www.aysanmakinapres.com\/wp-content\/uploads\/2023\/06\/008-250x285.jpeg\" class=\"attachment-woocommerce_gallery_thumbnail size-woocommerce_gallery_thumbnail\" alt=\"\" aria-describedby=\"gallery-1-10052\" \/><\/a>\n\t\t\t<\/div>\n\t\t\t\t<figcaption class='wp-caption-text gallery-caption' id='gallery-1-10052'>\n\t\t\t\tSonras\u0131\n\t\t\t\t<\/figcaption><\/figure>\n\t\t<\/div>\n\t\t<\/div>\n\t\t\t\t<\/div>\n\t\t\t\t<\/div>\n\t\t            <\/div>\n        <\/div>\n                            <\/div>\n        <\/section>\n                <section class=\"elementor-section elementor-top-section elementor-element elementor-element-3ce60eb elementor-section-boxed elementor-section-height-default elementor-section-height-default ct-header-fixed-none ct-column-none ct-row-scroll-none ct-row-gradient--none\" data-id=\"3ce60eb\" data-element_type=\"section\">\n            \n                        <div class=\"elementor-container elementor-column-gap-default \">\n                    <div class=\"elementor-column elementor-col-50 elementor-top-column elementor-element elementor-element-7537eec ct-column-none col-offset-none col-color-offset-none\" data-id=\"7537eec\" data-element_type=\"column\">\n            <div class=\"elementor-widget-wrap elementor-element-populated\">\n                        \t\t<div class=\"elementor-element elementor-element-8e9b1fc elementor-widget elementor-widget-image\" data-id=\"8e9b1fc\" data-element_type=\"widget\" data-widget_type=\"image.default\">\n\t\t\t\t<div class=\"elementor-widget-container\">\n\t\t\t<style>\/*! elementor - v3.12.2 - 23-04-2023 *\/\n.elementor-widget-image{text-align:center}.elementor-widget-image a{display:inline-block}.elementor-widget-image a img[src$=\".svg\"]{width:48px}.elementor-widget-image img{vertical-align:middle;display:inline-block}<\/style>\t\t\t\t\t\t\t\t\t\t\t\t<img decoding=\"async\" width=\"640\" height=\"640\" src=\"https:\/\/www.aysanmakinapres.com\/wp-content\/uploads\/2023\/06\/Tamir-Bakim-Revizyon-1024x1024.jpeg\" class=\"attachment-large size-large wp-image-10053\" alt=\"\" srcset=\"https:\/\/www.aysanmakinapres.com\/wp-content\/uploads\/2023\/06\/Tamir-Bakim-Revizyon-1024x1024.jpeg 1024w, https:\/\/www.aysanmakinapres.com\/wp-content\/uploads\/2023\/06\/Tamir-Bakim-Revizyon-300x300.jpeg 300w, https:\/\/www.aysanmakinapres.com\/wp-content\/uploads\/2023\/06\/Tamir-Bakim-Revizyon-150x150.jpeg 150w, https:\/\/www.aysanmakinapres.com\/wp-content\/uploads\/2023\/06\/Tamir-Bakim-Revizyon-768x768.jpeg 768w, https:\/\/www.aysanmakinapres.com\/wp-content\/uploads\/2023\/06\/Tamir-Bakim-Revizyon-90x90.jpeg 90w, https:\/\/www.aysanmakinapres.com\/wp-content\/uploads\/2023\/06\/Tamir-Bakim-Revizyon-600x600.jpeg 600w, https:\/\/www.aysanmakinapres.com\/wp-content\/uploads\/2023\/06\/Tamir-Bakim-Revizyon-96x96.jpeg 96w, https:\/\/www.aysanmakinapres.com\/wp-content\/uploads\/2023\/06\/Tamir-Bakim-Revizyon-460x460.jpeg 460w, https:\/\/www.aysanmakinapres.com\/wp-content\/uploads\/2023\/06\/Tamir-Bakim-Revizyon.jpeg 1440w\" sizes=\"(max-width: 640px) 100vw, 640px\" \/>\t\t\t\t\t\t\t\t\t\t\t\t\t\t\t<\/div>\n\t\t\t\t<\/div>\n\t\t            <\/div>\n        <\/div>\n                <div class=\"elementor-column elementor-col-50 elementor-top-column elementor-element elementor-element-a85cd0a ct-column-none col-offset-none col-color-offset-none\" data-id=\"a85cd0a\" data-element_type=\"column\">\n            <div class=\"elementor-widget-wrap elementor-element-populated\">\n                        \t\t<div class=\"elementor-element elementor-element-8f179b7 elementor-widget elementor-widget-ct_heading\" data-id=\"8f179b7\" data-element_type=\"widget\" data-widget_type=\"ct_heading.default\">\n\t\t\t\t<div class=\"elementor-widget-container\">\n\t\t\t<div id=\"ct_heading-8f179b7\" class=\"ct-heading h-align-center item-st-default highlight-style1\">\r\n  <div class=\"ct-heading--inner\"> \r\n    <div class=\"ct-inline-css\"  data-css=\"\r\n                                \">\r\n    <\/div>\r\n  \r\n\t    <h3 class=\"item--title st-default \" data-wow-delay=\"ms\">\r\n        <span class=\"ct-text-inner\">Tamir Bak\u0131m Revizyon<\/span>    <\/h3>\r\n  <\/div>\r\n<\/div>\r\n\t\t<\/div>\n\t\t\t\t<\/div>\n\t\t            <\/div>\n        <\/div>\n                            <\/div>\n        <\/section>\n        \t\t\t\t\t<\/div>\n\t\t","protected":false},"excerpt":{"rendered":"<p>\u00d6ncesi Sonras\u0131 \u00d6ncesi Sonras\u0131 \u00d6ncesi Sonras\u0131 \u00d6ncesi Sonras\u0131 Tamir Bak\u0131m Revizyon<\/p>\n","protected":false},"author":1,"featured_media":0,"parent":0,"menu_order":0,"comment_status":"closed","ping_status":"closed","template":"","meta":{"footnotes":""},"class_list":["post-9950","page","type-page","status-publish","hentry"],"_links":{"self":[{"href":"https:\/\/www.aysanmakinapres.com\/index.php\/wp-json\/wp\/v2\/pages\/9950","targetHints":{"allow":["GET"]}}],"collection":[{"href":"https:\/\/www.aysanmakinapres.com\/index.php\/wp-json\/wp\/v2\/pages"}],"about":[{"href":"https:\/\/www.aysanmakinapres.com\/index.php\/wp-json\/wp\/v2\/types\/page"}],"author":[{"embeddable":true,"href":"https:\/\/www.aysanmakinapres.com\/index.php\/wp-json\/wp\/v2\/users\/1"}],"replies":[{"embeddable":true,"href":"https:\/\/www.aysanmakinapres.com\/index.php\/wp-json\/wp\/v2\/comments?post=9950"}],"version-history":[{"count":4,"href":"https:\/\/www.aysanmakinapres.com\/index.php\/wp-json\/wp\/v2\/pages\/9950\/revisions"}],"predecessor-version":[{"id":10056,"href":"https:\/\/www.aysanmakinapres.com\/index.php\/wp-json\/wp\/v2\/pages\/9950\/revisions\/10056"}],"wp:attachment":[{"href":"https:\/\/www.aysanmakinapres.com\/index.php\/wp-json\/wp\/v2\/media?parent=9950"}],"curies":[{"name":"wp","href":"https:\/\/api.w.org\/{rel}","templated":true}]}}