{"id":9946,"date":"2023-06-14T17:40:23","date_gmt":"2023-06-14T14:40:23","guid":{"rendered":"https:\/\/www.aysanmakinapres.com\/?page_id=9946"},"modified":"2023-06-14T17:40:40","modified_gmt":"2023-06-14T14:40:40","slug":"referanslar","status":"publish","type":"page","link":"https:\/\/www.aysanmakinapres.com\/index.php\/referanslar\/","title":{"rendered":"REFERANSLAR"},"content":{"rendered":"<table width=\"895\">\n<tbody>\n<tr>\n<td width=\"409\">ERKAN MAK\u0130NA METAL TEKN\u0130K HIR.<\/td>\n<td width=\"486\">157 ADET DE\u011e\u0130\u015e\u0130K TONAJLARDA PRESLER<\/td>\n<\/tr>\n<tr>\n<td width=\"409\">VARMAK MAK\u0130NA \u0130ZM\u0130R ZEK\u0130 VAR<\/td>\n<td width=\"486\">33 ADET DE\u011e\u0130\u015e\u0130K TONAJLARDA PRESLER<\/td>\n<\/tr>\n<tr>\n<td width=\"409\">OST\u0130M MEGA MAK\u0130NA ANKARA<\/td>\n<td width=\"486\">25 ADET DE\u011e\u0130\u015e\u0130K TONAJLARDA PRESLER<\/td>\n<\/tr>\n<tr>\n<td width=\"409\">ENM MAK\u0130NA HIRDAVAT OST\u0130M<\/td>\n<td width=\"486\">23 ADET DE\u011e\u0130\u015e\u0130K TONAJLARDA PRESLER<\/td>\n<\/tr>\n<tr>\n<td width=\"409\">\u00c7EL\u0130KLER DEM\u0130R D\u0130REK A.\u015e.<\/td>\n<td width=\"486\">8 ADET 60 TON 3 ADET 45 TON 3 ADET 35 TON<\/td>\n<\/tr>\n<tr>\n<td width=\"409\">KOYUNCU MAK\u0130NA KONYA<\/td>\n<td width=\"486\">1 ADET 100 TON 2 ADET 80 TON 2ADET 35 TON 5 ADET 20 TON<\/td>\n<\/tr>\n<tr>\n<td width=\"409\">\u0130KMAL TEKN\u0130K A.\u015e.<\/td>\n<td width=\"486\">1 ADET 60 TON 2 ADET 35 TON 5 ADET 20 TON<\/td>\n<\/tr>\n<tr>\n<td width=\"409\">MAV\u0130 HIRDAVAT \u0130VED\u0130K<\/td>\n<td width=\"486\">2 ADET 80 TON 1 ADET 60 TON 3 ADET 45 TON \u00a04 ADET 35TON<\/td>\n<\/tr>\n<tr>\n<td width=\"409\">ABRAMA HIRDAVAT \u0130VED\u0130K<\/td>\n<td width=\"486\">3 ADET 35 TON 3 ADET 20 TON<\/td>\n<\/tr>\n<tr>\n<td width=\"409\">YILDIRIM A.\u015e. YILWER ANKARA<\/td>\n<td width=\"486\">5 ADET 45 TON 3 ADET 20 TON<\/td>\n<\/tr>\n<tr>\n<td width=\"409\">ANKARA AL\u00dcM\u0130NYUM<\/td>\n<td width=\"486\">1 ADET 80 TON 2ADET 60 TON 1 ADET 45 TON 2 ADET 35 TON<\/td>\n<\/tr>\n<tr>\n<td width=\"409\">\u00dcNKAN PANO<\/td>\n<td width=\"486\">5 ADET 45 TON<\/td>\n<\/tr>\n<tr>\n<td width=\"409\">AKSAN PANO<\/td>\n<td width=\"486\">3 ADET 45 TON 2 ADET 35 TON 4 ADET 20 TON<\/td>\n<\/tr>\n<tr>\n<td width=\"409\">SERS\u0130S SERA S\u0130TEMLER\u0130<\/td>\n<td width=\"486\">2 ADET 35 TON 2 ADET 45 TON<\/td>\n<\/tr>\n<tr>\n<td width=\"409\">FETA E\u011e\u0130T\u0130M LABORATUVARLARI<\/td>\n<td width=\"486\">2 ADET 45 TON 1ADET 35 TON 1ADET 20 TON<\/td>\n<\/tr>\n<tr>\n<td width=\"409\">TEKNOM METAL LTD. \u015eT\u0130.<\/td>\n<td width=\"486\">2 ADET 60 TON 2 ADET 45 TON<\/td>\n<\/tr>\n<tr>\n<td width=\"409\">SUKAS\u0130 LTD. \u015eT\u0130. S\u0130TELER<\/td>\n<td width=\"486\">1 ADET 45 TON 1 ADET 35TON 4ADET 20 TON<\/td>\n<\/tr>\n<tr>\n<td width=\"409\">PETEK PLATFORM SARAYK\u00d6Y<\/td>\n<td width=\"486\">2 ADET 150 TON 1 ADET 130 TON 1 ADET 80 TON 1 ADET 60 TON 3 ADET 20 TON<\/td>\n<\/tr>\n<tr>\n<td width=\"409\">ALKAS\u0130S AL\u00dcM\u0130NYUM<\/td>\n<td width=\"486\">2 ADET 45 TON 1 ADET 35 TON<\/td>\n<\/tr>\n<tr>\n<td width=\"409\">OMSA OTOMOT\u0130V YEDEK PAR\u00c7A<\/td>\n<td width=\"486\">2 ADET 45 TON 1ADET 20 TON<\/td>\n<\/tr>\n<tr>\n<td width=\"409\">ESK\u0130\u015eEH\u0130R G\u00dcLER \u00c7EL\u0130K KAPI<\/td>\n<td width=\"486\">2 ADET 45 TON 1ADET 35 TON<\/td>\n<\/tr>\n<tr>\n<td width=\"409\">ESKASAN ELMADA\u011e<\/td>\n<td width=\"486\">1 ADET 35 TON<\/td>\n<\/tr>\n<tr>\n<td width=\"409\">MYD ELEKT\u0130R\u0130K<\/td>\n<td width=\"486\">1 ADET 80 TON<\/td>\n<\/tr>\n<tr>\n<td width=\"409\">EMEK ROZET LTD. \u015eT\u0130.<\/td>\n<td width=\"486\">1 ADET 60 TON<\/td>\n<\/tr>\n<tr>\n<td width=\"409\">OBAL AL\u00dcM\u0130NYUM ZONGULDAK<\/td>\n<td width=\"486\">1 ADET 60 TON 1 45 TON<\/td>\n<\/tr>\n<tr>\n<td width=\"409\">TEK\u0130NER TEKN\u0130K HIRDAVAT<\/td>\n<td width=\"486\">1 ADET 80 TON 1 ADET 60 TON<\/td>\n<\/tr>\n<tr>\n<td width=\"409\">FONT D\u00d6K\u00dcM SANAY\u0130<\/td>\n<td width=\"486\">1 ADET 35 TON<\/td>\n<\/tr>\n<tr>\n<td width=\"409\">TEKN\u0130MA MAK\u0130NA END\u00dcSTR\u0130. A.\u015e.<\/td>\n<td width=\"486\">1 ADET 35 TON<\/td>\n<\/tr>\n<tr>\n<td width=\"409\">ERENSAN ISI TEKN\u0130\u011e\u0130 SAN VE T\u0130C. A.\u015e.<\/td>\n<td width=\"486\">300 ADET 150 LT\u00a0 HAVA PATLA\u00c7 T\u00dcPLER\u0130 VE YEDEKLER\u0130<\/td>\n<\/tr>\n<tr>\n<td width=\"409\">BATI S\u00d6KE \u00c7\u0130MENTO AYDIN<\/td>\n<td width=\"486\">150 ADET 75 LT 100 ADET 100 LT HAVA PATLA\u00c7 T\u00dcPLER\u0130 VE YEDEKLER\u0130<\/td>\n<\/tr>\n<tr>\n<td width=\"409\">VOTORANT\u0130M \u00c7\u0130MENTO HASANO\u011eLAN<\/td>\n<td width=\"486\">HAVA PATLA\u00c7 T\u00dcP\u00dcLER\u0130 VE YEDEKLER\u0130<\/td>\n<\/tr>\n<tr>\n<td width=\"409\">DEN\u0130ZL\u0130 \u00c7\u0130MENTO A.\u015e.<\/td>\n<td width=\"486\">HAVA PATLA\u00c7 T\u00dcP\u00dcLER\u0130 VE YEDEKLER\u0130<\/td>\n<\/tr>\n<tr>\n<td width=\"409\">G\u00d6LTA\u015e \u00c7\u0130MENTO A.\u015e.<\/td>\n<td width=\"486\">HAVA PATLA\u00c7 T\u00dcP\u00dcLER\u0130 VE YEDEKLER\u0130<\/td>\n<\/tr>\n<\/tbody>\n<\/table>\n","protected":false},"excerpt":{"rendered":"<p>ERKAN MAK\u0130NA METAL TEKN\u0130K HIR. 157 ADET DE\u011e\u0130\u015e\u0130K TONAJLARDA PRESLER VARMAK MAK\u0130NA \u0130ZM\u0130R ZEK\u0130 VAR 33 ADET DE\u011e\u0130\u015e\u0130K TONAJLARDA PRESLER OST\u0130M MEGA MAK\u0130NA ANKARA 25 ADET DE\u011e\u0130\u015e\u0130K TONAJLARDA PRESLER ENM MAK\u0130NA HIRDAVAT OST\u0130M 23 ADET DE\u011e\u0130\u015e\u0130K TONAJLARDA PRESLER \u00c7EL\u0130KLER DEM\u0130R D\u0130REK A.\u015e. 8 ADET 60 TON 3 ADET 45 TON 3 ADET 35 TON KOYUNCU [&hellip;]<\/p>\n","protected":false},"author":1,"featured_media":0,"parent":0,"menu_order":0,"comment_status":"closed","ping_status":"closed","template":"","meta":{"footnotes":""},"class_list":["post-9946","page","type-page","status-publish","hentry"],"_links":{"self":[{"href":"https:\/\/www.aysanmakinapres.com\/index.php\/wp-json\/wp\/v2\/pages\/9946","targetHints":{"allow":["GET"]}}],"collection":[{"href":"https:\/\/www.aysanmakinapres.com\/index.php\/wp-json\/wp\/v2\/pages"}],"about":[{"href":"https:\/\/www.aysanmakinapres.com\/index.php\/wp-json\/wp\/v2\/types\/page"}],"author":[{"embeddable":true,"href":"https:\/\/www.aysanmakinapres.com\/index.php\/wp-json\/wp\/v2\/users\/1"}],"replies":[{"embeddable":true,"href":"https:\/\/www.aysanmakinapres.com\/index.php\/wp-json\/wp\/v2\/comments?post=9946"}],"version-history":[{"count":2,"href":"https:\/\/www.aysanmakinapres.com\/index.php\/wp-json\/wp\/v2\/pages\/9946\/revisions"}],"predecessor-version":[{"id":9948,"href":"https:\/\/www.aysanmakinapres.com\/index.php\/wp-json\/wp\/v2\/pages\/9946\/revisions\/9948"}],"wp:attachment":[{"href":"https:\/\/www.aysanmakinapres.com\/index.php\/wp-json\/wp\/v2\/media?parent=9946"}],"curies":[{"name":"wp","href":"https:\/\/api.w.org\/{rel}","templated":true}]}}