{"id":9944,"date":"2023-06-14T17:40:13","date_gmt":"2023-06-14T14:40:13","guid":{"rendered":"https:\/\/www.aysanmakinapres.com\/?page_id=9944"},"modified":"2023-10-21T13:09:26","modified_gmt":"2023-10-21T10:09:26","slug":"teknik-bilgiler","status":"publish","type":"page","link":"https:\/\/www.aysanmakinapres.com\/index.php\/teknik-bilgiler\/","title":{"rendered":"TEKN\u0130K B\u0130LG\u0130LER"},"content":{"rendered":"<table width=\"70%\">\n<tbody>\n<tr>\n<td rowspan=\"2\" width=\"137\">MODEL<\/td>\n<td width=\"116\">APS-C 20<\/td>\n<td width=\"87\">APS-C 35<\/td>\n<td width=\"64\">APS-C 45<\/td>\n<td width=\"64\">APS-C 60<\/td>\n<td width=\"64\">APS-C 80<\/td>\n<td width=\"64\">APS-C 100<\/td>\n<td width=\"64\">APS-C 130<\/td>\n<td width=\"64\">APS-C 160<\/td>\n<td width=\"64\">APS-C 200<\/td>\n<td width=\"64\">APS-C 250<\/td>\n<\/tr>\n<tr>\n<td width=\"116\"><\/td>\n<td width=\"87\"><\/td>\n<td width=\"64\"><\/td>\n<td width=\"64\"><\/td>\n<td width=\"64\"><\/td>\n<td width=\"64\"><\/td>\n<td width=\"64\"><\/td>\n<td width=\"64\"><\/td>\n<td width=\"64\"><\/td>\n<td width=\"64\"><\/td>\n<\/tr>\n<tr>\n<td width=\"137\">Bask\u0131 Kuvveti<\/td>\n<td width=\"116\">20<\/td>\n<td width=\"87\">35<\/td>\n<td width=\"64\">45<\/td>\n<td width=\"64\">60<\/td>\n<td width=\"64\">80<\/td>\n<td width=\"64\">100<\/td>\n<td>130<\/td>\n<td>160<\/td>\n<td>200<\/td>\n<td>250<\/td>\n<\/tr>\n<tr>\n<td width=\"137\">Strok Ayar\u0131 (mm)<\/td>\n<td width=\"116\">0-50<\/td>\n<td width=\"87\">0-72<\/td>\n<td width=\"64\">0-72<\/td>\n<td width=\"64\">0-90<\/td>\n<td width=\"64\">100<\/td>\n<td width=\"64\">120<\/td>\n<td width=\"64\">120<\/td>\n<td width=\"64\">120<\/td>\n<td width=\"64\">120<\/td>\n<td width=\"64\">120<\/td>\n<\/tr>\n<tr>\n<td width=\"137\">Strok Adedi (mm)<\/td>\n<td width=\"116\">42<\/td>\n<td width=\"87\">48<\/td>\n<td width=\"64\">48<\/td>\n<td width=\"64\">54<\/td>\n<td width=\"64\">54<\/td>\n<td width=\"64\">54<\/td>\n<td>54<\/td>\n<td>54<\/td>\n<td>54<\/td>\n<td>54<\/td>\n<\/tr>\n<tr>\n<td width=\"137\">Tabla Ko\u00e7 Mesafesi (mm)<\/td>\n<td width=\"116\">260<\/td>\n<td width=\"87\">300<\/td>\n<td width=\"64\">320<\/td>\n<td width=\"64\">365<\/td>\n<td width=\"64\">460<\/td>\n<td width=\"64\">460<\/td>\n<td width=\"64\">460<\/td>\n<td width=\"64\">460<\/td>\n<td width=\"64\">460<\/td>\n<td width=\"64\">460<\/td>\n<\/tr>\n<tr>\n<td width=\"137\">Masa Boyutlar\u0131 (mm)<\/td>\n<td width=\"116\">460\u00d7340<\/td>\n<td width=\"87\">560\u00d7410<\/td>\n<td width=\"64\">570\u00d7420<\/td>\n<td width=\"64\">700\u00d7520<\/td>\n<td width=\"64\">830\u00d7500<\/td>\n<td width=\"64\">850\u00d7600<\/td>\n<td>850\u00d7600<\/td>\n<td>850\u00d7600<\/td>\n<td>850\u00d7600<\/td>\n<td>850\u00d7600<\/td>\n<\/tr>\n<tr>\n<td width=\"137\">Bo\u011faz Derinli\u011fi (mm)<\/td>\n<td width=\"116\">170<\/td>\n<td width=\"87\">200<\/td>\n<td width=\"64\">205<\/td>\n<td width=\"64\">260<\/td>\n<td width=\"64\">270<\/td>\n<td width=\"64\">305<\/td>\n<td>305<\/td>\n<td width=\"64\">305<\/td>\n<td width=\"64\">305<\/td>\n<td width=\"64\">305<\/td>\n<\/tr>\n<tr>\n<td width=\"137\">Tabla Kal\u0131nl\u0131\u011f\u0131 (mm)<\/td>\n<td width=\"116\">50<\/td>\n<td width=\"87\">60<\/td>\n<td width=\"64\">70<\/td>\n<td width=\"64\">80<\/td>\n<td width=\"64\">90<\/td>\n<td width=\"64\">90<\/td>\n<td>90<\/td>\n<td>90<\/td>\n<td>90<\/td>\n<td>90<\/td>\n<\/tr>\n<tr>\n<td width=\"137\">Kal\u0131p Ba\u011flama Delik \u00c7ap\u0131 (mm)<\/td>\n<td width=\"116\">25<\/td>\n<td width=\"87\">35<\/td>\n<td width=\"64\">35<\/td>\n<td width=\"64\">40<\/td>\n<td width=\"64\">50<\/td>\n<td width=\"64\">50<\/td>\n<td>50<\/td>\n<td width=\"64\">50<\/td>\n<td width=\"64\">50<\/td>\n<td width=\"64\">50<\/td>\n<\/tr>\n<tr>\n<td width=\"137\">Tabla Delik \u00c7ap\u0131 (mm)<\/td>\n<td width=\"116\">120<\/td>\n<td width=\"87\">160<\/td>\n<td width=\"64\">160<\/td>\n<td width=\"64\">180<\/td>\n<td width=\"64\">200<\/td>\n<td width=\"64\">220<\/td>\n<td>220<\/td>\n<td>220<\/td>\n<td>220<\/td>\n<td>220<\/td>\n<\/tr>\n<tr>\n<td width=\"137\">Tabla Kanal\u0131 (mm)<\/td>\n<td width=\"116\">25<\/td>\n<td width=\"87\">32<\/td>\n<td width=\"64\">32<\/td>\n<td width=\"64\">32<\/td>\n<td width=\"64\">40<\/td>\n<td width=\"64\">40<\/td>\n<td>25\u00d740<\/td>\n<td>25\u00d740<\/td>\n<td>25\u00d740<\/td>\n<td>25\u00d740<\/td>\n<\/tr>\n<tr>\n<td width=\"137\">Ana Motor G\u00fcc\u00fc (kw)<\/td>\n<td width=\"116\">2,2<\/td>\n<td width=\"87\">3<\/td>\n<td width=\"64\">4<\/td>\n<td width=\"64\">5,5<\/td>\n<td width=\"64\">7,5<\/td>\n<td width=\"64\">7,5<\/td>\n<td>11<\/td>\n<td>11<\/td>\n<td>11<\/td>\n<td>11<\/td>\n<\/tr>\n<tr>\n<td width=\"137\">Presin A\u011f\u0131rl\u0131\u011f\u0131 (kg)<\/td>\n<td width=\"116\">950<\/td>\n<td width=\"87\">1750<\/td>\n<td width=\"64\">1900<\/td>\n<td width=\"64\">2500<\/td>\n<td width=\"64\">4000<\/td>\n<td width=\"64\">4200<\/td>\n<td>4500<\/td>\n<td>4500<\/td>\n<td>4500<\/td>\n<td>4500<\/td>\n<\/tr>\n<tr>\n<td width=\"137\">Presin Geni\u015fli\u011fi (mm)<\/td>\n<td width=\"116\">720<\/td>\n<td width=\"87\">920<\/td>\n<td width=\"64\">1030<\/td>\n<td width=\"64\">1200<\/td>\n<td width=\"64\">1210<\/td>\n<td width=\"64\">1250<\/td>\n<td>1250<\/td>\n<td>1250<\/td>\n<td>1250<\/td>\n<td>1250<\/td>\n<\/tr>\n<tr>\n<td width=\"137\">Presin Derinli\u011fi (mm)<\/td>\n<td width=\"116\">1150<\/td>\n<td width=\"87\">1350<\/td>\n<td width=\"64\">1200<\/td>\n<td width=\"64\">1500<\/td>\n<td width=\"64\">1500<\/td>\n<td width=\"64\">1620<\/td>\n<td>1620<\/td>\n<td>1620<\/td>\n<td>1620<\/td>\n<td>1620<\/td>\n<\/tr>\n<tr>\n<td width=\"137\">Presin Y\u00fcksekli\u011fi (mm)<\/td>\n<td width=\"116\">1700<\/td>\n<td width=\"87\">2050<\/td>\n<td width=\"64\">1900<\/td>\n<td width=\"64\">2200<\/td>\n<td width=\"64\">2360<\/td>\n<td width=\"64\">2560<\/td>\n<td>2700<\/td>\n<td>2700<\/td>\n<td>2700<\/td>\n<td>2700<\/td>\n<\/tr>\n<\/tbody>\n<\/table>\n","protected":false},"excerpt":{"rendered":"<p>MODEL APS-C 20 APS-C 35 APS-C 45 APS-C 60 APS-C 80 APS-C 100 APS-C 130 APS-C 160 APS-C 200 APS-C 250 Bask\u0131 Kuvveti 20 35 45 60 80 100 130 160 200 250 Strok Ayar\u0131 (mm) 0-50 0-72 0-72 0-90 100 120 120 120 120 120 Strok Adedi (mm) 42 48 48 54 54 54 [&hellip;]<\/p>\n","protected":false},"author":1,"featured_media":0,"parent":0,"menu_order":0,"comment_status":"closed","ping_status":"closed","template":"","meta":{"footnotes":""},"class_list":["post-9944","page","type-page","status-publish","hentry"],"_links":{"self":[{"href":"https:\/\/www.aysanmakinapres.com\/index.php\/wp-json\/wp\/v2\/pages\/9944","targetHints":{"allow":["GET"]}}],"collection":[{"href":"https:\/\/www.aysanmakinapres.com\/index.php\/wp-json\/wp\/v2\/pages"}],"about":[{"href":"https:\/\/www.aysanmakinapres.com\/index.php\/wp-json\/wp\/v2\/types\/page"}],"author":[{"embeddable":true,"href":"https:\/\/www.aysanmakinapres.com\/index.php\/wp-json\/wp\/v2\/users\/1"}],"replies":[{"embeddable":true,"href":"https:\/\/www.aysanmakinapres.com\/index.php\/wp-json\/wp\/v2\/comments?post=9944"}],"version-history":[{"count":4,"href":"https:\/\/www.aysanmakinapres.com\/index.php\/wp-json\/wp\/v2\/pages\/9944\/revisions"}],"predecessor-version":[{"id":10091,"href":"https:\/\/www.aysanmakinapres.com\/index.php\/wp-json\/wp\/v2\/pages\/9944\/revisions\/10091"}],"wp:attachment":[{"href":"https:\/\/www.aysanmakinapres.com\/index.php\/wp-json\/wp\/v2\/media?parent=9944"}],"curies":[{"name":"wp","href":"https:\/\/api.w.org\/{rel}","templated":true}]}}