{"id":9942,"date":"2023-06-14T17:39:39","date_gmt":"2023-06-14T14:39:39","guid":{"rendered":"https:\/\/www.aysanmakinapres.com\/?page_id=9942"},"modified":"2023-06-14T18:52:28","modified_gmt":"2023-06-14T15:52:28","slug":"hava-patlac-ve-yedek-parcalari","status":"publish","type":"page","link":"https:\/\/www.aysanmakinapres.com\/index.php\/urunler\/hava-patlac-ve-yedek-parcalari\/","title":{"rendered":"Hava Patla\u00e7 ve Yedek Par\u00e7alar\u0131"},"content":{"rendered":"\t\t<div data-elementor-type=\"wp-page\" data-elementor-id=\"9942\" class=\"elementor elementor-9942\">\n\t\t\t\t\t\t\t        <section class=\"elementor-section elementor-top-section elementor-element elementor-element-0fb8b47 elementor-section-boxed elementor-section-height-default elementor-section-height-default ct-header-fixed-none ct-column-none ct-row-scroll-none ct-row-gradient--none\" data-id=\"0fb8b47\" data-element_type=\"section\">\n            \n                        <div class=\"elementor-container elementor-column-gap-default \">\n                    <div class=\"elementor-column elementor-col-100 elementor-top-column elementor-element elementor-element-a1bd760 ct-column-none col-offset-none col-color-offset-none\" data-id=\"a1bd760\" data-element_type=\"column\">\n            <div class=\"elementor-widget-wrap elementor-element-populated\">\n                        \t\t<div class=\"elementor-element elementor-element-2a4cded elementor-widget elementor-widget-image-gallery\" data-id=\"2a4cded\" data-element_type=\"widget\" data-widget_type=\"image-gallery.default\">\n\t\t\t\t<div class=\"elementor-widget-container\">\n\t\t\t<style>\/*! elementor - v3.12.2 - 23-04-2023 *\/\n.elementor-image-gallery .gallery-item{display:inline-block;text-align:center;vertical-align:top;width:100%;max-width:100%;margin:0 auto}.elementor-image-gallery .gallery-item img{margin:0 auto}.elementor-image-gallery .gallery-item .gallery-caption{margin:0}.elementor-image-gallery figure img{display:block}.elementor-image-gallery figure figcaption{width:100%}.gallery-spacing-custom .elementor-image-gallery .gallery-icon{padding:0}@media (min-width:768px){.elementor-image-gallery .gallery-columns-2 .gallery-item{max-width:50%}.elementor-image-gallery .gallery-columns-3 .gallery-item{max-width:33.33%}.elementor-image-gallery .gallery-columns-4 .gallery-item{max-width:25%}.elementor-image-gallery .gallery-columns-5 .gallery-item{max-width:20%}.elementor-image-gallery .gallery-columns-6 .gallery-item{max-width:16.666%}.elementor-image-gallery .gallery-columns-7 .gallery-item{max-width:14.28%}.elementor-image-gallery .gallery-columns-8 .gallery-item{max-width:12.5%}.elementor-image-gallery .gallery-columns-9 .gallery-item{max-width:11.11%}.elementor-image-gallery .gallery-columns-10 .gallery-item{max-width:10%}}@media (min-width:480px) and (max-width:767px){.elementor-image-gallery .gallery.gallery-columns-2 .gallery-item,.elementor-image-gallery .gallery.gallery-columns-3 .gallery-item,.elementor-image-gallery .gallery.gallery-columns-4 .gallery-item,.elementor-image-gallery .gallery.gallery-columns-5 .gallery-item,.elementor-image-gallery .gallery.gallery-columns-6 .gallery-item,.elementor-image-gallery .gallery.gallery-columns-7 .gallery-item,.elementor-image-gallery .gallery.gallery-columns-8 .gallery-item,.elementor-image-gallery .gallery.gallery-columns-9 .gallery-item,.elementor-image-gallery .gallery.gallery-columns-10 .gallery-item{max-width:50%}}@media (max-width:479px){.elementor-image-gallery .gallery.gallery-columns-2 .gallery-item,.elementor-image-gallery .gallery.gallery-columns-3 .gallery-item,.elementor-image-gallery .gallery.gallery-columns-4 .gallery-item,.elementor-image-gallery .gallery.gallery-columns-5 .gallery-item,.elementor-image-gallery .gallery.gallery-columns-6 .gallery-item,.elementor-image-gallery .gallery.gallery-columns-7 .gallery-item,.elementor-image-gallery .gallery.gallery-columns-8 .gallery-item,.elementor-image-gallery .gallery.gallery-columns-9 .gallery-item,.elementor-image-gallery .gallery.gallery-columns-10 .gallery-item{max-width:100%}}<\/style>\t\t<div class=\"elementor-image-gallery\">\n\t\t\t<div id='gallery-1' class='gallery galleryid-9942 gallery-columns-4 gallery-size-full'><figure class='gallery-item'>\n\t\t\t<div class='gallery-icon portrait'>\n\t\t\t\t<a data-elementor-open-lightbox=\"yes\" data-elementor-lightbox-slideshow=\"2a4cded\" data-elementor-lightbox-title=\"patlac\" data-e-action-hash=\"#elementor-action%3Aaction%3Dlightbox%26settings%3DeyJpZCI6MTAwMzgsInVybCI6Imh0dHBzOlwvXC93d3cuYXlzYW5tYWtpbmFwcmVzLmNvbVwvd3AtY29udGVudFwvdXBsb2Fkc1wvMjAyM1wvMDZcL3BhdGxhYy5qcGciLCJzbGlkZXNob3ciOiIyYTRjZGVkIn0%3D\" href='https:\/\/www.aysanmakinapres.com\/wp-content\/uploads\/2023\/06\/patlac.jpg'><img decoding=\"async\" width=\"212\" height=\"300\" src=\"https:\/\/www.aysanmakinapres.com\/wp-content\/uploads\/2023\/06\/patlac.jpg\" class=\"attachment-full size-full\" alt=\"\" \/><\/a>\n\t\t\t<\/div><\/figure><figure class='gallery-item'>\n\t\t\t<div class='gallery-icon portrait'>\n\t\t\t\t<a data-elementor-open-lightbox=\"yes\" data-elementor-lightbox-slideshow=\"2a4cded\" data-elementor-lightbox-title=\"patlac2-237x300\" data-e-action-hash=\"#elementor-action%3Aaction%3Dlightbox%26settings%3DeyJpZCI6MTAwNDAsInVybCI6Imh0dHBzOlwvXC93d3cuYXlzYW5tYWtpbmFwcmVzLmNvbVwvd3AtY29udGVudFwvdXBsb2Fkc1wvMjAyM1wvMDZcL3BhdGxhYzItMjM3eDMwMC0xLmpwZyIsInNsaWRlc2hvdyI6IjJhNGNkZWQifQ%3D%3D\" href='https:\/\/www.aysanmakinapres.com\/wp-content\/uploads\/2023\/06\/patlac2-237x300-1.jpg'><img decoding=\"async\" width=\"237\" height=\"300\" src=\"https:\/\/www.aysanmakinapres.com\/wp-content\/uploads\/2023\/06\/patlac2-237x300-1.jpg\" class=\"attachment-full size-full\" alt=\"\" \/><\/a>\n\t\t\t<\/div><\/figure><figure class='gallery-item'>\n\t\t\t<div class='gallery-icon portrait'>\n\t\t\t\t<a data-elementor-open-lightbox=\"yes\" data-elementor-lightbox-slideshow=\"2a4cded\" data-elementor-lightbox-title=\"patlac3-246x300\" data-e-action-hash=\"#elementor-action%3Aaction%3Dlightbox%26settings%3DeyJpZCI6MTAwNDEsInVybCI6Imh0dHBzOlwvXC93d3cuYXlzYW5tYWtpbmFwcmVzLmNvbVwvd3AtY29udGVudFwvdXBsb2Fkc1wvMjAyM1wvMDZcL3BhdGxhYzMtMjQ2eDMwMC0xLmpwZyIsInNsaWRlc2hvdyI6IjJhNGNkZWQifQ%3D%3D\" href='https:\/\/www.aysanmakinapres.com\/wp-content\/uploads\/2023\/06\/patlac3-246x300-1.jpg'><img decoding=\"async\" width=\"246\" height=\"300\" src=\"https:\/\/www.aysanmakinapres.com\/wp-content\/uploads\/2023\/06\/patlac3-246x300-1.jpg\" class=\"attachment-full size-full\" alt=\"\" \/><\/a>\n\t\t\t<\/div><\/figure><figure class='gallery-item'>\n\t\t\t<div class='gallery-icon landscape'>\n\t\t\t\t<a data-elementor-open-lightbox=\"yes\" data-elementor-lightbox-slideshow=\"2a4cded\" data-elementor-lightbox-title=\"patlac1-300x221\" data-e-action-hash=\"#elementor-action%3Aaction%3Dlightbox%26settings%3DeyJpZCI6MTAwMzksInVybCI6Imh0dHBzOlwvXC93d3cuYXlzYW5tYWtpbmFwcmVzLmNvbVwvd3AtY29udGVudFwvdXBsb2Fkc1wvMjAyM1wvMDZcL3BhdGxhYzEtMzAweDIyMS0xLmpwZyIsInNsaWRlc2hvdyI6IjJhNGNkZWQifQ%3D%3D\" href='https:\/\/www.aysanmakinapres.com\/wp-content\/uploads\/2023\/06\/patlac1-300x221-1.jpg'><img decoding=\"async\" width=\"300\" height=\"221\" src=\"https:\/\/www.aysanmakinapres.com\/wp-content\/uploads\/2023\/06\/patlac1-300x221-1.jpg\" class=\"attachment-full size-full\" alt=\"\" \/><\/a>\n\t\t\t<\/div><\/figure>\n\t\t<\/div>\n\t\t<\/div>\n\t\t\t\t<\/div>\n\t\t\t\t<\/div>\n\t\t            <\/div>\n        <\/div>\n                            <\/div>\n        <\/section>\n                <section class=\"elementor-section elementor-top-section elementor-element elementor-element-71d3379 elementor-section-boxed elementor-section-height-default elementor-section-height-default ct-header-fixed-none ct-column-none ct-row-scroll-none ct-row-gradient--none\" data-id=\"71d3379\" data-element_type=\"section\">\n            \n                        <div class=\"elementor-container elementor-column-gap-default \">\n                    <div class=\"elementor-column elementor-col-100 elementor-top-column elementor-element elementor-element-5398578 ct-column-none col-offset-none col-color-offset-none\" data-id=\"5398578\" data-element_type=\"column\">\n            <div class=\"elementor-widget-wrap elementor-element-populated\">\n                        \t\t<div class=\"elementor-element elementor-element-90d6873 elementor-widget elementor-widget-text-editor\" data-id=\"90d6873\" data-element_type=\"widget\" data-widget_type=\"text-editor.default\">\n\t\t\t\t<div class=\"elementor-widget-container\">\n\t\t\t<style>\/*! elementor - v3.12.2 - 23-04-2023 *\/\n.elementor-widget-text-editor.elementor-drop-cap-view-stacked .elementor-drop-cap{background-color:#69727d;color:#fff}.elementor-widget-text-editor.elementor-drop-cap-view-framed .elementor-drop-cap{color:#69727d;border:3px solid;background-color:transparent}.elementor-widget-text-editor:not(.elementor-drop-cap-view-default) .elementor-drop-cap{margin-top:8px}.elementor-widget-text-editor:not(.elementor-drop-cap-view-default) .elementor-drop-cap-letter{width:1em;height:1em}.elementor-widget-text-editor .elementor-drop-cap{float:left;text-align:center;line-height:1;font-size:50px}.elementor-widget-text-editor .elementor-drop-cap-letter{display:inline-block}<\/style>\t\t\t\t<p>1- PATLA\u00c7 T\u00dcP\u00dc (komple \u00e7al\u0131\u015f\u0131r vaziyette)<br \/>2- PATLA\u00c7 P\u0130STONU (al\u00fcminyum emzirme eskalon)<br \/>3- PATLA\u00c7 P\u0130STONU (poli\u00fcretan)<br \/>4- KAPAK O R\u0130NG\u0130<br \/>5- P\u0130STON O R\u0130NG\u0130<br \/>6- \u00c7ABUK EGZOZ VALF\u0130<br \/>7- \u00c7ABUK EGZOZ VALf RAKORU<br \/>8- \u00c7ABUK EGZOZ VALF D\u0130YAFRAMI<br \/>9- \u00c7EL\u0130K SP\u0130RAL HORTUM<br \/>10- \u00c7EL\u0130K SP\u0130RAL HORTUM (Ba\u015fl\u0131k Rakoru)<br \/>11- Cr Ni NOZZIL (komple) 27 x 4<br \/>12- SEGMAN<br \/>13- P\u0130STON \u00d6N GER\u0130L\u0130M YAYI<br \/>14- D\u00d6NER FLAN\u015e<br \/>15- K\u00d6R FLAN\u015e<br \/>16- B\u0130LEZ\u0130K<br \/>17- KL\u0130NG\u0130R\u0130K CONTA<\/p>\t\t\t\t\t\t<\/div>\n\t\t\t\t<\/div>\n\t\t            <\/div>\n        <\/div>\n                            <\/div>\n        <\/section>\n        \t\t\t\t\t<\/div>\n\t\t","protected":false},"excerpt":{"rendered":"<p>1- PATLA\u00c7 T\u00dcP\u00dc (komple \u00e7al\u0131\u015f\u0131r vaziyette)2- PATLA\u00c7 P\u0130STONU (al\u00fcminyum emzirme eskalon)3- PATLA\u00c7 P\u0130STONU (poli\u00fcretan)4- KAPAK O R\u0130NG\u01305- P\u0130STON O R\u0130NG\u01306- \u00c7ABUK EGZOZ VALF\u01307- \u00c7ABUK EGZOZ VALf RAKORU8- \u00c7ABUK EGZOZ VALF D\u0130YAFRAMI9- \u00c7EL\u0130K SP\u0130RAL HORTUM10- \u00c7EL\u0130K SP\u0130RAL HORTUM (Ba\u015fl\u0131k Rakoru)11- Cr Ni NOZZIL (komple) 27 x 412- SEGMAN13- P\u0130STON \u00d6N GER\u0130L\u0130M YAYI14- D\u00d6NER FLAN\u015e15- K\u00d6R FLAN\u015e16- [&hellip;]<\/p>\n","protected":false},"author":1,"featured_media":0,"parent":9933,"menu_order":0,"comment_status":"closed","ping_status":"closed","template":"","meta":{"footnotes":""},"class_list":["post-9942","page","type-page","status-publish","hentry"],"_links":{"self":[{"href":"https:\/\/www.aysanmakinapres.com\/index.php\/wp-json\/wp\/v2\/pages\/9942","targetHints":{"allow":["GET"]}}],"collection":[{"href":"https:\/\/www.aysanmakinapres.com\/index.php\/wp-json\/wp\/v2\/pages"}],"about":[{"href":"https:\/\/www.aysanmakinapres.com\/index.php\/wp-json\/wp\/v2\/types\/page"}],"author":[{"embeddable":true,"href":"https:\/\/www.aysanmakinapres.com\/index.php\/wp-json\/wp\/v2\/users\/1"}],"replies":[{"embeddable":true,"href":"https:\/\/www.aysanmakinapres.com\/index.php\/wp-json\/wp\/v2\/comments?post=9942"}],"version-history":[{"count":4,"href":"https:\/\/www.aysanmakinapres.com\/index.php\/wp-json\/wp\/v2\/pages\/9942\/revisions"}],"predecessor-version":[{"id":10044,"href":"https:\/\/www.aysanmakinapres.com\/index.php\/wp-json\/wp\/v2\/pages\/9942\/revisions\/10044"}],"up":[{"embeddable":true,"href":"https:\/\/www.aysanmakinapres.com\/index.php\/wp-json\/wp\/v2\/pages\/9933"}],"wp:attachment":[{"href":"https:\/\/www.aysanmakinapres.com\/index.php\/wp-json\/wp\/v2\/media?parent=9942"}],"curies":[{"name":"wp","href":"https:\/\/api.w.org\/{rel}","templated":true}]}}