{"id":9931,"date":"2023-06-14T17:37:05","date_gmt":"2023-06-14T14:37:05","guid":{"rendered":"https:\/\/www.aysanmakinapres.com\/?page_id=9931"},"modified":"2023-06-14T17:37:49","modified_gmt":"2023-06-14T14:37:49","slug":"kalite-politikamiz","status":"publish","type":"page","link":"https:\/\/www.aysanmakinapres.com\/index.php\/kurumsal\/kalite-politikamiz\/","title":{"rendered":"Kalite Politikam\u0131z"},"content":{"rendered":"<div class=\"vc_row wpb_row zolo_wpb_row vc_row-fluid apress_row_class_238286489d03f869e0\" data-row-text-color=\"dark\">\n<div class=\"wpb_column vc_column_container vc_col-sm-12 apress_col_id_205996489d03f89195 hover_style_none\">\n<div class=\"layer vc_column-inner \">\n<div class=\"wpb_wrapper\">\n<div class=\"wpb_text_column wpb_content_element \">\n<div class=\"wpb_wrapper\">\n<p><strong>AY\u015eAN MAK\u0130NA PRES<\/strong>\u00a0\u00e7al\u0131\u015fanlar\u0131yla birlikte, m\u00fc\u015fterilerinin talebini sa\u011flayarak sa\u011fl\u0131kl\u0131 geli\u015fmeyi, evrensel kalite ve standartlarda \u00fcr\u00fcn ve hizmetler sunmay\u0131 ama\u00e7lar. Bu suretle \u00fclkesi, m\u00fc\u015fterileri, bayileri ve yan sanayii i\u00e7in g\u00fcvenilirlik, devaml\u0131l\u0131k ve sayg\u0131nl\u0131k simgesi olmay\u0131 hedefler.<\/p>\n<p>M\u00fc\u015fterilerimiz i\u00e7in de\u011fer yaratmak, beklentilerine kalite ve istikrarla kar\u015f\u0131l\u0131k vermek ilk \u00f6nceli\u011fimizdir. G\u00fcvenilir \u00fcr\u00fcnler \u00fcretmek ve geli\u015ftirmek, \u00fcr\u00fcnlerimize sahip \u00e7\u0131kmak ve sat\u0131\u015f sonras\u0131nda da m\u00fc\u015fterilerimizin yan\u0131nda olmak g\u00f6revimizdir.<\/p>\n<p>\u00dcr\u00fcn ve hizmetlerimizin kalitesi \u00e7al\u0131\u015fanlar\u0131m\u0131z\u0131n kalitesiyle ba\u015flar. En iyi personeli ve yeti\u015fkin insan g\u00fcc\u00fcn\u00fc istihdam etmek, insan\u0131m\u0131z\u0131n yeteneklerinden, g\u00fcc\u00fcnden ve yarat\u0131c\u0131l\u0131\u011f\u0131ndan azami fayda sa\u011flamak; verimliliklerini art\u0131rmak, geli\u015fmelerine imkan tan\u0131mak ve i\u015fbirli\u011fi ve dayan\u0131\u015fman\u0131n ye\u015ferdi\u011fi bir \u00e7al\u0131\u015fma ortam\u0131 yaratmak,\u00a0<strong>AY\u015eAN MAK\u0130NA PRES<\/strong>\u00a0devaml\u0131l\u0131\u011f\u0131n\u0131 sa\u011flamak i\u00e7in se\u00e7ti\u011fimiz yoldur.<\/p>\n<p><strong>S\u00fcrekli yenilik , S\u00fcrekli geli\u015fim, Daima hizmet<\/strong><\/p>\n<p><strong>AY\u015eAN MAK\u0130NA PRES<\/strong>\u00a0aims to provide products and services with universal quality and standards by providing customers with the demands of healthy development. It aims to be a symbol of reliability, continuity and respect for its country, its customers, its franchisees and subsidiary industries.<\/p>\n<p>Creating value for our customers, responding to expectations with quality and stability is our first priority. It is our duty to produce and develop reliable products, to own our products and to be with our customers after sales.<\/p>\n<p>The quality of our products and services starts with the quality of our employees. Employing the best staff and adult human power, providing the utmost benefit from our human talents, strength and creativity; To increase their productivity, to enable them to develop and to create a work environment where cooperation and support is gaining, and to ensure the continuity of\u00a0<strong>AY\u015eAN MAK\u0130NA PRES.<\/strong><\/p>\n<p><strong>Continuous innovation, Continuous development, Always service<\/strong><\/p>\n<\/div>\n<\/div>\n<\/div>\n<\/div>\n<\/div>\n<\/div>\n<div class=\"vc_row wpb_row zolo_wpb_row vc_row-fluid apress_row_class_239756489d03f8c994\" data-row-text-color=\"dark\">\n<div class=\"wpb_column vc_column_container vc_col-sm-12 apress_col_id_199056489d03f8d11e hover_style_none\">\n<div class=\"layer vc_column-inner \">\n<div class=\"wpb_wrapper\">\n<div id=\"number_items_per_row34316489d03f8ea8a\" class=\"photo_layout_wrap zolo_photo_gallery primary_color_scheme  appear_from_bottom\" data-class=\"#number_items_per_row34316489d03f8ea8a .photo_gallery_layout_grid\" data-layoutmode=\"fitRows\" data-itemselector=\"grid-item\">\n<ul class=\"gallery_holder photo-swipe-gallery fade_effect zolo_photo_gallery_col_two photo_gallery_layout_grid\" data-pswp-uid=\"1\">\n<li class=\"grid-item noanimation\" data-animation=\"No Animation\" data-delay=\"100\"><span class=\"gallery_thumb\"><img decoding=\"async\" class=\"attachment-full\" src=\"https:\/\/www.aysanpres.com\/wp-content\/uploads\/2022\/06\/ce-belgesi-1-scaled.jpg\" sizes=\"(max-width: 1810px) 100vw, 1810px\" srcset=\"https:\/\/www.aysanpres.com\/wp-content\/uploads\/2022\/06\/ce-belgesi-1-scaled.jpg 1810w, https:\/\/www.aysanpres.com\/wp-content\/uploads\/2022\/06\/ce-belgesi-1-212x300.jpg 212w, https:\/\/www.aysanpres.com\/wp-content\/uploads\/2022\/06\/ce-belgesi-1-724x1024.jpg 724w, https:\/\/www.aysanpres.com\/wp-content\/uploads\/2022\/06\/ce-belgesi-1-768x1086.jpg 768w, https:\/\/www.aysanpres.com\/wp-content\/uploads\/2022\/06\/ce-belgesi-1-1086x1536.jpg 1086w, https:\/\/www.aysanpres.com\/wp-content\/uploads\/2022\/06\/ce-belgesi-1-1448x2048.jpg 1448w\" alt=\"\" width=\"1810\" height=\"2560\" \/><\/span><\/li>\n<\/ul>\n<\/div>\n<\/div>\n<\/div>\n<\/div>\n<\/div>\n","protected":false},"excerpt":{"rendered":"<p>AY\u015eAN MAK\u0130NA PRES\u00a0\u00e7al\u0131\u015fanlar\u0131yla birlikte, m\u00fc\u015fterilerinin talebini sa\u011flayarak sa\u011fl\u0131kl\u0131 geli\u015fmeyi, evrensel kalite ve standartlarda \u00fcr\u00fcn ve hizmetler sunmay\u0131 ama\u00e7lar. Bu suretle \u00fclkesi, m\u00fc\u015fterileri, bayileri ve yan sanayii i\u00e7in g\u00fcvenilirlik, devaml\u0131l\u0131k ve sayg\u0131nl\u0131k simgesi olmay\u0131 hedefler. M\u00fc\u015fterilerimiz i\u00e7in de\u011fer yaratmak, beklentilerine kalite ve istikrarla kar\u015f\u0131l\u0131k vermek ilk \u00f6nceli\u011fimizdir. G\u00fcvenilir \u00fcr\u00fcnler \u00fcretmek ve geli\u015ftirmek, \u00fcr\u00fcnlerimize sahip \u00e7\u0131kmak ve [&hellip;]<\/p>\n","protected":false},"author":1,"featured_media":0,"parent":9926,"menu_order":0,"comment_status":"closed","ping_status":"closed","template":"","meta":{"footnotes":""},"class_list":["post-9931","page","type-page","status-publish","hentry"],"_links":{"self":[{"href":"https:\/\/www.aysanmakinapres.com\/index.php\/wp-json\/wp\/v2\/pages\/9931","targetHints":{"allow":["GET"]}}],"collection":[{"href":"https:\/\/www.aysanmakinapres.com\/index.php\/wp-json\/wp\/v2\/pages"}],"about":[{"href":"https:\/\/www.aysanmakinapres.com\/index.php\/wp-json\/wp\/v2\/types\/page"}],"author":[{"embeddable":true,"href":"https:\/\/www.aysanmakinapres.com\/index.php\/wp-json\/wp\/v2\/users\/1"}],"replies":[{"embeddable":true,"href":"https:\/\/www.aysanmakinapres.com\/index.php\/wp-json\/wp\/v2\/comments?post=9931"}],"version-history":[{"count":1,"href":"https:\/\/www.aysanmakinapres.com\/index.php\/wp-json\/wp\/v2\/pages\/9931\/revisions"}],"predecessor-version":[{"id":9932,"href":"https:\/\/www.aysanmakinapres.com\/index.php\/wp-json\/wp\/v2\/pages\/9931\/revisions\/9932"}],"up":[{"embeddable":true,"href":"https:\/\/www.aysanmakinapres.com\/index.php\/wp-json\/wp\/v2\/pages\/9926"}],"wp:attachment":[{"href":"https:\/\/www.aysanmakinapres.com\/index.php\/wp-json\/wp\/v2\/media?parent=9931"}],"curies":[{"name":"wp","href":"https:\/\/api.w.org\/{rel}","templated":true}]}}