{"id":9928,"date":"2023-06-14T17:36:29","date_gmt":"2023-06-14T14:36:29","guid":{"rendered":"https:\/\/www.aysanmakinapres.com\/?page_id=9928"},"modified":"2023-06-14T17:37:01","modified_gmt":"2023-06-14T14:37:01","slug":"firma-profili","status":"publish","type":"page","link":"https:\/\/www.aysanmakinapres.com\/index.php\/kurumsal\/firma-profili\/","title":{"rendered":"Firma Profili"},"content":{"rendered":"<p>AY\u015eAN MAK\u0130NA SANAY\u0130 1987 y\u0131l\u0131nda Ankara Ostim\u2019de kurulmu\u015ftur. Deneyimli m\u00fchendis ve kalifiye eleman kadrosu ile 20 ton \u2013 300 ton kapasiteler aras\u0131nda C tipi eksantrik presler \u00fcretmektedir.<\/p>\n<p>\u00dcretti\u011fimiz \u00e7elik g\u00f6vde presler d\u00f6vme, b\u00fckme, derin \u00e7ekme ve delme i\u015flemleri ger\u00e7ekle\u015ftirmektedir. Firmam\u0131zda m\u00fc\u015fteri talepleri do\u011frultusunda \u00f6zel ama\u00e7l\u0131 preslerde imal edilmektedir. T\u00fcm \u00fcr\u00fcnlerimiz her t\u00fcrl\u00fc dizayn ve \u00fcretim hatalar\u0131na kar\u015f\u0131 iki y\u0131l s\u00fcre ile garanti kapsam\u0131m\u0131zda olup m\u00fc\u015fterilerimize uzun s\u00fcreli servis ve yedek par\u00e7a garantisi verilmektedir.<\/p>\n","protected":false},"excerpt":{"rendered":"<p>AY\u015eAN MAK\u0130NA SANAY\u0130 1987 y\u0131l\u0131nda Ankara Ostim\u2019de kurulmu\u015ftur. Deneyimli m\u00fchendis ve kalifiye eleman kadrosu ile 20 ton \u2013 300 ton kapasiteler aras\u0131nda C tipi eksantrik presler \u00fcretmektedir. \u00dcretti\u011fimiz \u00e7elik g\u00f6vde presler d\u00f6vme, b\u00fckme, derin \u00e7ekme ve delme i\u015flemleri ger\u00e7ekle\u015ftirmektedir. Firmam\u0131zda m\u00fc\u015fteri talepleri do\u011frultusunda \u00f6zel ama\u00e7l\u0131 preslerde imal edilmektedir. T\u00fcm \u00fcr\u00fcnlerimiz her t\u00fcrl\u00fc dizayn ve \u00fcretim [&hellip;]<\/p>\n","protected":false},"author":1,"featured_media":0,"parent":9926,"menu_order":0,"comment_status":"closed","ping_status":"closed","template":"","meta":{"footnotes":""},"class_list":["post-9928","page","type-page","status-publish","hentry"],"_links":{"self":[{"href":"https:\/\/www.aysanmakinapres.com\/index.php\/wp-json\/wp\/v2\/pages\/9928","targetHints":{"allow":["GET"]}}],"collection":[{"href":"https:\/\/www.aysanmakinapres.com\/index.php\/wp-json\/wp\/v2\/pages"}],"about":[{"href":"https:\/\/www.aysanmakinapres.com\/index.php\/wp-json\/wp\/v2\/types\/page"}],"author":[{"embeddable":true,"href":"https:\/\/www.aysanmakinapres.com\/index.php\/wp-json\/wp\/v2\/users\/1"}],"replies":[{"embeddable":true,"href":"https:\/\/www.aysanmakinapres.com\/index.php\/wp-json\/wp\/v2\/comments?post=9928"}],"version-history":[{"count":2,"href":"https:\/\/www.aysanmakinapres.com\/index.php\/wp-json\/wp\/v2\/pages\/9928\/revisions"}],"predecessor-version":[{"id":9930,"href":"https:\/\/www.aysanmakinapres.com\/index.php\/wp-json\/wp\/v2\/pages\/9928\/revisions\/9930"}],"up":[{"embeddable":true,"href":"https:\/\/www.aysanmakinapres.com\/index.php\/wp-json\/wp\/v2\/pages\/9926"}],"wp:attachment":[{"href":"https:\/\/www.aysanmakinapres.com\/index.php\/wp-json\/wp\/v2\/media?parent=9928"}],"curies":[{"name":"wp","href":"https:\/\/api.w.org\/{rel}","templated":true}]}}